{"id":111025,"date":"2026-01-20T14:33:45","date_gmt":"2026-01-20T14:33:45","guid":{"rendered":"https:\/\/wplglic.com\/product\/updraftplus-premium\/"},"modified":"2026-01-20T14:33:45","modified_gmt":"2026-01-20T14:33:45","slug":"updraftplus-premium","status":"publish","type":"product","link":"https:\/\/wplglic.com\/fr\/produit\/updraftplus-premium\/","title":{"rendered":"UpdraftPlus Premium"},"content":{"rendered":"<p>Il vous permet de sauvegarder, restaurer et migrer facilement votre site WordPress. Il prend en charge la sauvegarde des fichiers et des bases de donn\u00e9es du site, avec des options de planification et de stockage sur plusieurs services cloud.<br \/>\n\u200b <\/p>\n\n    <div class=\"xs_social_share_widget xs_share_url after_content \t\tmain_content  wslu-style-1 wslu-share-box-shaped wslu-fill-colored wslu-none wslu-share-horizontal wslu-theme-font-no wslu-main_content\">\n\n\t\t\n        <ul>\n\t\t\t        <\/ul>\n    <\/div> \n","protected":false},"excerpt":{"rendered":"<p>Effectuez facilement des sauvegardes, des restaurations et des migrations de sites, avec des avantages suppl\u00e9mentaires tels que la sauvegarde automatique avant les mises \u00e0 jour et une prise en charge avanc\u00e9e des environnements multisites. <\/p>\n","protected":false},"featured_media":111026,"comment_status":"open","ping_status":"closed","template":"","meta":{"_acf_changed":false,"_uag_custom_page_level_css":"","site-sidebar-layout":"default","site-content-layout":"","ast-site-content-layout":"default","site-content-style":"default","site-sidebar-style":"default","ast-global-header-display":"","ast-banner-title-visibility":"","ast-main-header-display":"","ast-hfb-above-header-display":"","ast-hfb-below-header-display":"","ast-hfb-mobile-header-display":"","site-post-title":"","ast-breadcrumbs-content":"","ast-featured-img":"","footer-sml-layout":"","ast-disable-related-posts":"","theme-transparent-header-meta":"default","adv-header-id-meta":"","stick-header-meta":"default","header-above-stick-meta":"","header-main-stick-meta":"","header-below-stick-meta":"","astra-migrate-meta-layouts":"default","ast-page-background-enabled":"default","ast-page-background-meta":{"desktop":{"background-color":"var(--ast-global-color-4)","background-image":"","background-repeat":"repeat","background-position":"center center","background-size":"auto","background-attachment":"scroll","background-type":"","background-media":"","overlay-type":"","overlay-color":"","overlay-opacity":"","overlay-gradient":""},"tablet":{"background-color":"","background-image":"","background-repeat":"repeat","background-position":"center center","background-size":"auto","background-attachment":"scroll","background-type":"","background-media":"","overlay-type":"","overlay-color":"","overlay-opacity":"","overlay-gradient":""},"mobile":{"background-color":"","background-image":"","background-repeat":"repeat","background-position":"center center","background-size":"auto","background-attachment":"scroll","background-type":"","background-media":"","overlay-type":"","overlay-color":"","overlay-opacity":"","overlay-gradient":""}},"ast-content-background-meta":{"desktop":{"background-color":"var(--ast-global-color-5)","background-image":"","background-repeat":"repeat","background-position":"center center","background-size":"auto","background-attachment":"scroll","background-type":"","background-media":"","overlay-type":"","overlay-color":"","overlay-opacity":"","overlay-gradient":""},"tablet":{"background-color":"var(--ast-global-color-5)","background-image":"","background-repeat":"repeat","background-position":"center center","background-size":"auto","background-attachment":"scroll","background-type":"","background-media":"","overlay-type":"","overlay-color":"","overlay-opacity":"","overlay-gradient":""},"mobile":{"background-color":"var(--ast-global-color-5)","background-image":"","background-repeat":"repeat","background-position":"center center","background-size":"auto","background-attachment":"scroll","background-type":"","background-media":"","overlay-type":"","overlay-color":"","overlay-opacity":"","overlay-gradient":""}}},"product_brand":[128],"product_cat":[203],"product_tag":[206],"class_list":{"0":"post-111025","1":"product","2":"type-product","3":"status-publish","4":"has-post-thumbnail","6":"product_brand-128","7":"product_cat-sauvegarde-et-restauration","8":"product_tag-remise-disponible","9":"desktop-align-center","10":"tablet-align-left","11":"mobile-align-left","13":"first","14":"instock","15":"featured","16":"downloadable","17":"virtual","18":"purchasable","19":"product-type-simple"},"acf":[],"uagb_featured_image_src":{"full":["https:\/\/wplglic.com\/wp-content\/uploads\/2026\/01\/UpdraftPlus-Premium.webp",600,300,false],"thumbnail":["https:\/\/wplglic.com\/wp-content\/uploads\/2026\/01\/UpdraftPlus-Premium-150x150.webp",150,150,true],"medium":["https:\/\/wplglic.com\/wp-content\/uploads\/2026\/01\/UpdraftPlus-Premium-300x150.webp",300,150,true],"medium_large":["https:\/\/wplglic.com\/wp-content\/uploads\/2026\/01\/UpdraftPlus-Premium.webp",600,300,false],"large":["https:\/\/wplglic.com\/wp-content\/uploads\/2026\/01\/UpdraftPlus-Premium.webp",600,300,false],"1536x1536":["https:\/\/wplglic.com\/wp-content\/uploads\/2026\/01\/UpdraftPlus-Premium.webp",600,300,false],"2048x2048":["https:\/\/wplglic.com\/wp-content\/uploads\/2026\/01\/UpdraftPlus-Premium.webp",600,300,false],"woocommerce_thumbnail":["https:\/\/wplglic.com\/wp-content\/uploads\/2026\/01\/UpdraftPlus-Premium.webp",600,300,false],"woocommerce_single":["https:\/\/wplglic.com\/wp-content\/uploads\/2026\/01\/UpdraftPlus-Premium.webp",600,300,false],"woocommerce_gallery_thumbnail":["https:\/\/wplglic.com\/wp-content\/uploads\/2026\/01\/UpdraftPlus-Premium-100x100.webp",100,100,true]},"uagb_author_info":{"display_name":"Abdalla Hossam","author_link":"https:\/\/wplglic.com\/fr\/author\/"},"uagb_comment_info":0,"uagb_excerpt":"Effectuez facilement des sauvegardes, des restaurations et des migrations de sites, avec des avantages suppl\u00e9mentaires tels que la sauvegarde automatique avant les mises \u00e0 jour et une prise en charge avanc\u00e9e des environnements multisites.","_links":{"self":[{"href":"https:\/\/wplglic.com\/fr\/wp-json\/wp\/v2\/product\/111025","targetHints":{"allow":["GET"]}}],"collection":[{"href":"https:\/\/wplglic.com\/fr\/wp-json\/wp\/v2\/product"}],"about":[{"href":"https:\/\/wplglic.com\/fr\/wp-json\/wp\/v2\/types\/product"}],"replies":[{"embeddable":true,"href":"https:\/\/wplglic.com\/fr\/wp-json\/wp\/v2\/comments?post=111025"}],"version-history":[{"count":0,"href":"https:\/\/wplglic.com\/fr\/wp-json\/wp\/v2\/product\/111025\/revisions"}],"wp:featuredmedia":[{"embeddable":true,"href":"https:\/\/wplglic.com\/fr\/wp-json\/wp\/v2\/media\/111026"}],"wp:attachment":[{"href":"https:\/\/wplglic.com\/fr\/wp-json\/wp\/v2\/media?parent=111025"}],"wp:term":[{"taxonomy":"product_brand","embeddable":true,"href":"https:\/\/wplglic.com\/fr\/wp-json\/wp\/v2\/product_brand?post=111025"},{"taxonomy":"product_cat","embeddable":true,"href":"https:\/\/wplglic.com\/fr\/wp-json\/wp\/v2\/product_cat?post=111025"},{"taxonomy":"product_tag","embeddable":true,"href":"https:\/\/wplglic.com\/fr\/wp-json\/wp\/v2\/product_tag?post=111025"}],"curies":[{"name":"wp","href":"https:\/\/api.w.org\/{rel}","templated":true}]}}